{"id":341,"date":"2021-05-26T07:18:29","date_gmt":"2021-05-26T07:18:29","guid":{"rendered":"http:\/\/sweetfruits.gruponexora.com\/?page_id=341"},"modified":"2021-11-22T08:42:36","modified_gmt":"2021-11-22T08:42:36","slug":"politica-de-cookies","status":"publish","type":"page","link":"https:\/\/sweetfruits.pt\/es\/politica-de-cookies\/","title":{"rendered":"Pol\u00edtica de Cookies"},"content":{"rendered":"[vc_row type=\u00bbin_container\u00bb full_screen_row_position=\u00bbmiddle\u00bb column_margin=\u00bbdefault\u00bb column_direction=\u00bbdefault\u00bb column_direction_tablet=\u00bbdefault\u00bb column_direction_phone=\u00bbdefault\u00bb scene_position=\u00bbcenter\u00bb text_color=\u00bbdark\u00bb text_align=\u00bbleft\u00bb row_border_radius=\u00bbnone\u00bb row_border_radius_applies=\u00bbbg\u00bb overlay_strength=\u00bb0.3&#8243; gradient_direction=\u00bbleft_to_right\u00bb shape_divider_position=\u00bbbottom\u00bb bg_image_animation=\u00bbnone\u00bb][vc_column column_padding=\u00bbno-extra-padding\u00bb column_padding_tablet=\u00bbinherit\u00bb column_padding_phone=\u00bbinherit\u00bb column_padding_position=\u00bball\u00bb background_color_opacity=\u00bb1&#8243; background_hover_color_opacity=\u00bb1&#8243; column_shadow=\u00bbnone\u00bb column_border_radius=\u00bbnone\u00bb column_link_target=\u00bb_self\u00bb gradient_direction=\u00bbleft_to_right\u00bb overlay_strength=\u00bb0.3&#8243; width=\u00bb1\/1&#8243; tablet_width_inherit=\u00bbdefault\u00bb tablet_text_alignment=\u00bbdefault\u00bb phone_text_alignment=\u00bbdefault\u00bb column_border_width=\u00bbnone\u00bb column_border_style=\u00bbsolid\u00bb bg_image_animation=\u00bbnone\u00bb][vc_column_text]\n<div class=\"wpb_wrapper\">\n<h1 class=\"vc_custom_heading\">Pol\u00edtica de Cookies<\/h1>\n<div class=\"wpb_text_column wpb_content_element \">\n<div class=\"wpb_wrapper\">\n<p>Una \u201cCookie\u201d es un peque\u00f1o archivo de texto que un sitio web almacena en el navegador del usuario, facilitando la navegaci\u00f3n por una p\u00e1gina web y son esenciales para el funcionamiento de internet.<\/p>\n<p>Las cookies se utilizan, por ejemplo, para recordar los gustos de los usuarios en la web: idioma, navegador utilizado; analizar los h\u00e1bitos y comportamientos del usuario para mejorar los servicios ofrecidos, o para adecuar los contenidos de una p\u00e1gina web a las preferencias del visitante.<\/p>\n<h2>Las cookies se pueden catalogar de la siguiente manera:<\/h2>\n<h4 class=\"px-5 text-muted\"><span class=\"font-weight-bold text-dark\">Seg\u00fan la entidad que la gestiona.<\/span><\/h4>\n<h4 class=\"px-5 text-muted\"><span class=\"font-weight-bold text-dark\">Seg\u00fan su finalidad:<\/span><\/h4>\n<ul>\n<li>Cookies t\u00e9cnicas: Son aquellas necesarias para la navegaci\u00f3n y el buen funcionamiento de nuestra p\u00e1gina web. Permiten por ejemplo, controlar el tr\u00e1fico y la comunicaci\u00f3n de datos, acceder a partes de acceso restringido, realizar el proceso de compra de un pedido, utilizar elementos de seguridad, almacenar contenidos para poder difundir v\u00eddeos o compartir contenidos a trav\u00e9s de redes sociales.<\/li>\n<li>Cookies de personalizaci\u00f3n: Son aqu\u00e9llas que te permiten acceder al servicio con unas caracter\u00edsticas predefinidas en funci\u00f3n de una serie de criterios, como por ejemplo el idioma, el tipo de navegador a trav\u00e9s del cual se accede al servicio, la configuraci\u00f3n regional desde donde se accede al servicio, etc.<\/li>\n<li>Cookies de an\u00e1lisis: Son aqu\u00e9llas que nos permiten cuantificar el n\u00famero de usuarios y as\u00ed realizar la medici\u00f3n y an\u00e1lisis estad\u00edstico de la utilizaci\u00f3n que hacen los usuarios de los servicios prestados. Para ello se analiza su navegaci\u00f3n en nuestra p\u00e1gina web con el fin de mejorar la oferta de productos y servicios que ofrecemos.<\/li>\n<li>Cookies publicitarias: Son aqu\u00e9llas que permiten la gesti\u00f3n, de la forma m\u00e1s eficaz posible, de los espacios publicitarios que se pudieran incluir en nuestra p\u00e1gina web.<\/li>\n<li>Cookies de publicidad comportamental: Estas cookies almacenan informaci\u00f3n del comportamiento de los usuarios obtenida a trav\u00e9s de la observaci\u00f3n continuada. Gracias a ellas, podemos conocer los h\u00e1bitos de navegaci\u00f3n en internet y mostrarte publicidad relacionada con tu perfil de navegaci\u00f3n.<\/li>\n<\/ul>\n<h2 class=\"px-5 text-muted\"><span class=\"font-weight-bold text-dark\">Qu\u00e9 Cookies utilizamos y con qu\u00e9 finalidades<\/span><\/h2>\n<p><strong>Nuestra web utiliza los siguientes tipos de cookies<\/strong>:<\/p>\n<ul class=\"ltexto text-muted ml-5\">\n<li>Cookies propias: son cookies estrictamente necesarias. Permiten la interacci\u00f3n del usuario por el sitio web utilizando todas sus funciones.<\/li>\n<li>Cookies Anal\u00edticas: son cookies utilizadas para el an\u00e1lisis, investigaci\u00f3n o estad\u00edsticas con el fin de saber secciones m\u00e1s visitadas, puntos de conexi\u00f3n, etc y as\u00ed poder mejorar el portal web.<\/li>\n<li>Cookies de complementos: son cookies utilizadas por complementos externos instalados en la web para su buen funcionamiento, como por ejemplo mostrar el cartel informativo sobre el uso de cookies.<\/li>\n<li>Cookies de redes sociales: son cookies utilizadas para identificarte como usuario en la red social y poder interactuar a trav\u00e9s de tu perfil a trav\u00e9s de las APIs instaladas.<\/li>\n<\/ul>\n<h2 class=\"px-5 text-muted\"><span class=\"font-weight-bold text-dark\">De quienes son las Cookies que utilizamos<\/span><\/h2>\n<p>A continuaci\u00f3n se detallan las entidades externas que suministran cookies junto con la finalidad y duraci\u00f3n de cada una de ellas:<\/p>\n<p>* Titular: Google Inc. Finalidad: realizamos el an\u00e1lisis de la audiencia y navegaci\u00f3n de nuestra p\u00e1gina a trav\u00e9s del complemento de Google Analytics as\u00ed como la reproducci\u00f3n de videos a trav\u00e9s de la plataforma Youtube. Est\u00e1s cookies podr\u00e1n ser utilizadas para mostrarte anuncios de publicidad en base a tu historial de navegaci\u00f3n cuando visites otros portales web. Estas cookies son persistentes.<\/p>\n<p>NOTA: Esta lista se actualizar\u00e1 con la mayor celeridad posible a medida que cambien los servicios del sitio web ofrecidos en el mismo. Sin embargo, ocasionalmente durante esta actualizaci\u00f3n puede ser que la lista no incluya una cookie, aunque siempre se referir\u00e1 a cookies con prop\u00f3sitos id\u00e9nticos a los registrados en esta lista.<\/p>\n<h2 class=\"px-5 text-muted\"><span class=\"font-weight-bold text-dark\">Formas de bloquear y limitar el uso de Cookies<\/span><\/h2>\n<p>Es importante destacar que estas tecnolog\u00edas no son intrusivas, ya que toda la informaci\u00f3n obtenida a trav\u00e9s de las cookies es totalmente an\u00f3nima, y en ning\u00fan caso puede ser asociada a un usuario concreto e identificado. Esta informaci\u00f3n permite adaptar y mejorar nuestros servicios a los intereses de los usuarios. No obstante, el usuario tiene la opci\u00f3n de impedir la generaci\u00f3n de cookies, mediante la selecci\u00f3n de la correspondiente opci\u00f3n en su programa navegador. Informamos que en el caso de que deshabilite el uso de cookies la navegaci\u00f3n puede ser m\u00e1s lenta de lo habitual.<\/p>\n<p>Concretamente, todos los navegadores permiten hacer cambios que permiten desactivar la configuraci\u00f3n de las cookies. Estos ajustes se encuentran ubicados en las \u201copciones\u201d o \u201cpreferencias\u201d del men\u00fa de su navegador.<\/p>\n<p>A continuaci\u00f3n le mostramos mediante enlaces la forma de deshabilitar las cookies siguiendo las instrucciones de los navegadores m\u00e1s utilizados:<\/p>\n<ul class=\"ltexto text-muted ml-5\">\n<li><a href=\"https:\/\/support.microsoft.com\/es-es\/windows\/eliminar-y-administrar-cookies-168dab11-0753-043d-7c16-ede5947fc64d\">Internet Explorer<\/a><\/li>\n<li><a href=\"https:\/\/support.mozilla.org\/es\/kb\/habilitar-y-deshabilitar-cookies-sitios-web-rastrear-preferencias?redirectslug=habilitar-y-deshabilitar-cookies-que-los-sitios-we&amp;redirectlocale=es\">Mozilla Firefox<\/a><\/li>\n<li><a href=\"https:\/\/support.google.com\/chrome\/answer\/95647?hl=es\">Google Chrome<\/a><\/li>\n<li><a href=\"https:\/\/support.apple.com\/es-es\/guide\/safari\/sfri11471\/mac\">Safari<\/a><\/li>\n<li><a href=\"https:\/\/support.apple.com\/es-es\/HT201265\">Safari para IOS (iPhone e iPad)<\/a><\/li>\n<li><a href=\"https:\/\/help.opera.com\/en\/latest\/web-preferences\/#cookies\">Opera<\/a><\/li>\n<\/ul>\n<p>En cambio, si usted desea bloquear las cookies anal\u00edticas de Google, puede instalarse un complemento en su navegador desarrollado siguiendo las instrucciones indicadas en el siguiente enlace.<\/p>\n<p>Por otra parte, respecto a los complementos de entidades externas (como por ejemplo los servicios de Google Inc) utilizados en nuestro portal web recomendamos a todos los usuarios que accedan a las pol\u00edticas de privacidad de cada proveedor de los servicios para que obtenga mayor informaci\u00f3n:<\/p>\n<p><a href=\"http:\/\/www.google.es\/intl\/es\/policies\/privacy\/\" target=\"_blank\" rel=\"noopener noreferrer\">http:\/\/www.google.es\/intl\/es\/policies\/privacy\/<\/a><\/p>\n<h2 class=\"px-5 text-muted\"><span class=\"font-weight-bold text-dark\">M\u00e1s Informaci\u00f3n<\/span><\/h2>\n<p>Cualquier usuario que tenga cualquier duda acerca de estas tecnolog\u00edas puede remitirnos la consulta a trav\u00e9s de nuestro email: <a class=\"c-link\" href=\"mailto:info@sweetfruits.pt\" target=\"_blank\" rel=\"noopener noreferrer\" data-stringify-link=\"mailto:info@sweetfruits.pt\" data-sk=\"tooltip_parent\" aria-describedby=\"sk-tooltip-273\">info@sweetfruits.pt<\/a><\/p>\n<\/div>\n<\/div>\n<\/div>\n<p><!--ingles--><\/p>\n<div class=\"wpb_wrapper\">\n<h1 class=\"vc_custom_heading\">Cookies policy<\/h1>\n<div class=\"wpb_text_column wpb_content_element \">\n<div class=\"wpb_wrapper\">\n<p>A \u00abCookie\u00bb is a small text file that a website stores in the user&#8217;s browser, facilitating navigation through a web page and are essential for the functioning of the internet.<\/p>\n<p>Cookies are used, for example, to remember the tastes of users on the web: language, browser used; Analyze the habits and behaviors of the user to improve the services offered, or to adapt the contents of a web page to the preferences of the visitor.<\/p>\n<h2>Cookies can be classified as follows:<\/h2>\n<h4 class=\"px-5 text-muted\"><span class=\"font-weight-bold text-dark\">According to the entity that manages it.<\/span><\/h4>\n<h4 class=\"px-5 text-muted\"><span class=\"font-weight-bold text-dark\">According to its purpose:<\/span><\/h4>\n<ul>\n<li>Technical cookies: They are those necessary for navigation and the proper functioning of our website. They allow, for example, to control traffic and data communication, access parts of restricted access, carry out the process of buying an order, use security elements, store content to be able to broadcast videos or share content through social networks.<\/li>\n<li>Personalization cookies: These are those that allow you to access the service with predefined characteristics based on a series of criteria, such as the language, the type of browser through which the service is accessed, the regional configuration from where it is accessed. to service, etc.<\/li>\n<li>Analysis cookies: These are those that allow us to quantify the number of users and thus carry out the statistical measurement and analysis of the use that users make of the services provided. For this, your browsing on our website is analyzed in order to improve the offer of products and services that we offer.<\/li>\n<li>Advertising cookies: These are those that allow the management, in the most efficient way possible, of the advertising spaces that could be included on our website.<\/li>\n<li>Behavioral advertising cookies: These cookies store information on user behavior obtained through continuous observation. Thanks to them, we can know your internet browsing habits and show you advertising related to your browsing profile.<\/li>\n<\/ul>\n<h2 class=\"px-5 text-muted\"><span class=\"font-weight-bold text-dark\">What Cookies do we use and for what purposes?<\/span><\/h2>\n<p><strong>Our website uses the following types of cookies<\/strong>:<\/p>\n<ul class=\"ltexto text-muted ml-5\">\n<li>Own cookies: these are strictly necessary cookies. They allow user interaction through the website using all its functions.<\/li>\n<li>Analytical Cookies: these are cookies used for analysis, research or statistics in order to know the most visited sections, connection points, etc. and thus be able to improve the web portal.<\/li>\n<li>Add-on cookies: these are cookies used by external add-ons installed on the web for its proper functioning, such as displaying the information poster on the use of cookies.<\/li>\n<li>Social network cookies: these are cookies used to identify you as a user on the social network and to be able to interact through your profile through the installed APIs.<\/li>\n<\/ul>\n<h2 class=\"px-5 text-muted\"><span class=\"font-weight-bold text-dark\">Who are the Cookies we use<\/span><\/h2>\n<p>The external entities that provide cookies are detailed below, along with the purpose and duration of each of them:<\/p>\n<p>* Owner: Google Inc. Purpose: we carry out the analysis of the audience and navigation of our page through the Google Analytics complement as well as the reproduction of videos through the YouTube platform. These cookies may be used to show you advertising based on your browsing history when you visit other web portals. These cookies are persistent.<\/p>\n<p>NOTE: This list will be updated as quickly as possible as the website services offered on it change. However, occasionally during this update it may be that the list does not include a cookie, although it will always refer to cookies with identical purposes to those registered in this list.<\/p>\n<h2 class=\"px-5 text-muted\"><span class=\"font-weight-bold text-dark\">Ways to block and limit the use of Cookies<\/span><\/h2>\n<p>It is important to note that these technologies are not intrusive, since all the information obtained through cookies is totally anonymous, and in no case can it be associated with a specific and identified user. This information allows us to adapt and improve our services to the interests of users. However, the user has the option to prevent the generation of cookies, by selecting the corresponding option in their browser program. We inform that in the event that you disable the use of cookies, navigation may be slower than usual.<\/p>\n<p>Specifically, all browsers allow changes to be made that allow you to disable the cookie settings. These settings are located in the \u00aboptions\u00bb or \u00abpreferences\u00bb of your browser menu.<br \/>\nBelow we show you through links how to disable cookies following the instructions of the most used browsers:<\/p>\n<ul class=\"ltexto text-muted ml-5\">\n<li><a href=\"https:\/\/support.microsoft.com\/es-es\/windows\/eliminar-y-administrar-cookies-168dab11-0753-043d-7c16-ede5947fc64d\">Internet Explorer<\/a><\/li>\n<li><a href=\"https:\/\/support.mozilla.org\/es\/kb\/habilitar-y-deshabilitar-cookies-sitios-web-rastrear-preferencias?redirectslug=habilitar-y-deshabilitar-cookies-que-los-sitios-we&amp;redirectlocale=es\">Mozilla Firefox<\/a><\/li>\n<li><a href=\"https:\/\/support.google.com\/chrome\/answer\/95647?hl=es\">Google Chrome<\/a><\/li>\n<li><a href=\"https:\/\/support.apple.com\/es-es\/guide\/safari\/sfri11471\/mac\">Safari<\/a><\/li>\n<li><a href=\"https:\/\/support.apple.com\/es-es\/HT201265\">Safari para IOS (iPhone e iPad)<\/a><\/li>\n<li><a href=\"https:\/\/help.opera.com\/en\/latest\/web-preferences\/#cookies\">Opera<\/a><\/li>\n<\/ul>\n<p>On the other hand, if you wish to block Google&#8217;s analytical cookies, you can install a plug-in in your browser developed by following the instructions indicated in the following link.<\/p>\n<p>On the other hand, regarding the complements of external entities (such as Google Inc services) used in our web portal, we recommend that all users access the privacy policies of each service provider so that they obtain more information:<\/p>\n<p><a href=\"http:\/\/www.google.es\/intl\/es\/policies\/privacy\/\" target=\"_blank\" rel=\"noopener noreferrer\">http:\/\/www.google.es\/intl\/es\/policies\/privacy\/<\/a><\/p>\n<h2 class=\"px-5 text-muted\"><span class=\"font-weight-bold text-dark\">More information<\/span><\/h2>\n<p>Any user who has any questions about these technologies can send us the query through our email: <a class=\"c-link\" href=\"mailto:info@sweetfruits.pt\" target=\"_blank\" rel=\"noopener noreferrer\" data-stringify-link=\"mailto:info@sweetfruits.pt\" data-sk=\"tooltip_parent\" aria-describedby=\"sk-tooltip-273\">info@sweetfruits.pt<\/a><\/p>\n<\/div>\n<\/div>\n<\/div>\n<p><!--Portugues--><\/p>\n<div class=\"wpb_wrapper\">\n<h1 class=\"vc_custom_heading\">Pol\u00edtica de Cookies<\/h1>\n<div class=\"wpb_text_column wpb_content_element \">\n<div class=\"wpb_wrapper\">\n<p>Um \u00abCookie\u00bb \u00e9 um pequeno arquivo de texto que um site armazena no navegador do usu\u00e1rio, facilitando a navega\u00e7\u00e3o por uma p\u00e1gina web e s\u00e3o essenciais para o funcionamento da internet.<\/p>\n<p>Os cookies s\u00e3o usados, por exemplo, para lembrar os gostos dos usu\u00e1rios na web: idioma, navegador utilizado; Analise os h\u00e1bitos e comportamentos do usu\u00e1rio para melhorar os servi\u00e7os oferecidos, ou para adaptar o conte\u00fado de uma p\u00e1gina web \u00e0s prefer\u00eancias do visitante.<\/p>\n<h2>Os cookies podem ser classificados da seguinte forma:<\/h2>\n<h4 class=\"px-5 text-muted\"><span class=\"font-weight-bold text-dark\">De acordo com a entidade que o administra.<\/span><\/h4>\n<h4 class=\"px-5 text-muted\"><span class=\"font-weight-bold text-dark\">De acordo com sua finalidade:<\/span><\/h4>\n<ul>\n<li>Cookies t\u00e9cnicos: s\u00e3o os necess\u00e1rios para a navega\u00e7\u00e3o e o bom funcionamento do nosso site. Permitem, por exemplo, controlar o tr\u00e1fego e a comunica\u00e7\u00e3o de dados, aceder a partes de acesso restrito, realizar o processo de compra de uma encomenda, utilizar elementos de seguran\u00e7a, armazenar conte\u00fados para poder transmitir v\u00eddeos ou partilhar conte\u00fados nas redes sociais.<\/li>\n<li>Cookies de personaliza\u00e7\u00e3o: s\u00e3o aqueles que permitem que voc\u00ea acesse o servi\u00e7o com caracter\u00edsticas predefinidas com base em uma s\u00e9rie de crit\u00e9rios, como o idioma, o tipo de navegador pelo qual o servi\u00e7o \u00e9 acessado, a configura\u00e7\u00e3o regional de onde \u00e9 acessado. etc.<\/li>\n<li>Cookies de an\u00e1lise: s\u00e3o aqueles que nos permitem quantificar o n\u00famero de utilizadores e assim efectuar a medi\u00e7\u00e3o estat\u00edstica e a an\u00e1lise da utiliza\u00e7\u00e3o que os utilizadores fazem dos servi\u00e7os prestados. Para isso, analisa-se a sua navega\u00e7\u00e3o no nosso site, de forma a melhorar a oferta dos produtos e servi\u00e7os que oferecemos.<\/li>\n<li>Cookies publicit\u00e1rios: s\u00e3o aqueles que permitem a gest\u00e3o, da forma mais eficiente poss\u00edvel, dos espa\u00e7os publicit\u00e1rios que poder\u00e3o ser inclu\u00eddos no nosso site.<\/li>\n<li>Cookies de publicidade comportamental: Esses cookies armazenam informa\u00e7\u00f5es sobre o comportamento do usu\u00e1rio obtidas por meio de observa\u00e7\u00e3o cont\u00ednua. Gra\u00e7as a eles podemos conhecer os seus h\u00e1bitos de navega\u00e7\u00e3o na Internet e mostrar-lhe publicidade relacionada com o seu perfil de navega\u00e7\u00e3o.<\/li>\n<\/ul>\n<h2 class=\"px-5 text-muted\"><span class=\"font-weight-bold text-dark\">Que cookies usamos e para que fins?<\/span><\/h2>\n<p><strong>Nosso site usa os seguintes tipos de cookies<\/strong>:<\/p>\n<ul class=\"ltexto text-muted ml-5\">\n<li>Cookies pr\u00f3prios: s\u00e3o cookies estritamente necess\u00e1rios. Eles permitem a intera\u00e7\u00e3o do usu\u00e1rio atrav\u00e9s do site utilizando todas as suas fun\u00e7\u00f5es.<\/li>\n<li>Cookies anal\u00edticos: s\u00e3o cookies utilizados para an\u00e1lises, pesquisas ou estat\u00edsticas para conhecer as sec\u00e7\u00f5es mais visitadas, pontos de liga\u00e7\u00e3o, etc. e assim poder melhorar o portal web.<\/li>\n<li>Cookies add-on: s\u00e3o cookies utilizados por add-ons externos instalados na web para o seu bom funcionamento, como por exemplo, a exibi\u00e7\u00e3o de cartaz informativo sobre a utiliza\u00e7\u00e3o de cookies.<\/li>\n<li>Cookies de redes sociais: s\u00e3o cookies utilizados para o identificar como utilizador na rede social e para poder interagir atrav\u00e9s do seu perfil atrav\u00e9s das APIs instaladas.<\/li>\n<\/ul>\n<h2 class=\"px-5 text-muted\"><span class=\"font-weight-bold text-dark\">Quem s\u00e3o os cookies que usamos<\/span><\/h2>\n<p>As entidades externas que fornecem cookies s\u00e3o detalhadas a seguir, juntamente com a finalidade e a dura\u00e7\u00e3o de cada uma delas:<\/p>\n<p>* Propriet\u00e1rio: Google Inc. Objetivo: realizamos a an\u00e1lise de audi\u00eancia e navega\u00e7\u00e3o de nossa p\u00e1gina atrav\u00e9s do complemento Google Analytics, bem como a reprodu\u00e7\u00e3o de v\u00eddeos atrav\u00e9s da plataforma YouTube. Esses cookies podem ser usados \u200b\u200bpara mostrar an\u00fancios com base em seu hist\u00f3rico de navega\u00e7\u00e3o quando voc\u00ea visita outros portais da web. Esses cookies s\u00e3o persistentes.<\/p>\n<p>NOTA: Esta lista ser\u00e1 atualizada o mais r\u00e1pido poss\u00edvel \u00e0 medida que os servi\u00e7os do site oferecidos mudam. No entanto, ocasionalmente durante esta atualiza\u00e7\u00e3o pode ser que a lista n\u00e3o inclua um cookie, embora sempre se refira a cookies com finalidades id\u00eanticas \u00e0s registradas nesta lista.<\/p>\n<h2 class=\"px-5 text-muted\"><span class=\"font-weight-bold text-dark\">Maneiras de bloquear e limitar o uso de cookies<\/span><\/h2>\n<p>\u00c9 importante ressaltar que essas tecnologias n\u00e3o s\u00e3o intrusivas, uma vez que todas as informa\u00e7\u00f5es obtidas por meio de cookies s\u00e3o totalmente an\u00f4nimas, e em nenhum caso podem ser associadas a um usu\u00e1rio espec\u00edfico e identificado. Esta informa\u00e7\u00e3o permite-nos adaptar e melhorar os nossos servi\u00e7os aos interesses dos utilizadores. No entanto, o usu\u00e1rio tem a op\u00e7\u00e3o de impedir a gera\u00e7\u00e3o de cookies, selecionando a op\u00e7\u00e3o correspondente em seu navegador. Informamos que caso voc\u00ea desative o uso de cookies, a navega\u00e7\u00e3o poder\u00e1 ficar mais lenta do que o normal.<\/p>\n<p>Especificamente, todos os navegadores permitem que sejam feitas altera\u00e7\u00f5es que permitem desabilitar as configura\u00e7\u00f5es de cookies. Essas configura\u00e7\u00f5es est\u00e3o localizadas nas \u00abop\u00e7\u00f5es\u00bb ou \u00abprefer\u00eancias\u00bb do menu do seu navegador.<\/p>\n<p>A seguir mostramos atrav\u00e9s de links como desabilitar os cookies seguindo as instru\u00e7\u00f5es dos navegadores mais utilizados:<\/p>\n<ul class=\"ltexto text-muted ml-5\">\n<li><a href=\"https:\/\/support.microsoft.com\/es-es\/windows\/eliminar-y-administrar-cookies-168dab11-0753-043d-7c16-ede5947fc64d\">Internet Explorer<\/a><\/li>\n<li><a href=\"https:\/\/support.mozilla.org\/es\/kb\/habilitar-y-deshabilitar-cookies-sitios-web-rastrear-preferencias?redirectslug=habilitar-y-deshabilitar-cookies-que-los-sitios-we&amp;redirectlocale=es\">Mozilla Firefox<\/a><\/li>\n<li><a href=\"https:\/\/support.google.com\/chrome\/answer\/95647?hl=es\">Google Chrome<\/a><\/li>\n<li><a href=\"https:\/\/support.apple.com\/es-es\/guide\/safari\/sfri11471\/mac\">Safari<\/a><\/li>\n<li><a href=\"https:\/\/support.apple.com\/es-es\/HT201265\">Safari para IOS (iPhone e iPad)<\/a><\/li>\n<li><a href=\"https:\/\/help.opera.com\/en\/latest\/web-preferences\/#cookies\">Opera<\/a><\/li>\n<\/ul>\n<p>Por outro lado, se voc\u00ea deseja bloquear os cookies anal\u00edticos do Google, pode instalar no seu navegador um plug-in desenvolvido seguindo as instru\u00e7\u00f5es indicadas no link a seguir.<\/p>\n<p>Por outro lado, em rela\u00e7\u00e3o aos complementos de entidades externas (como os servi\u00e7os do Google Inc) utilizados em nosso portal, recomendamos que todos os usu\u00e1rios acessem as pol\u00edticas de privacidade de cada prestador de servi\u00e7o para que possam obter mais informa\u00e7\u00f5es:<\/p>\n<p><a href=\"http:\/\/www.google.es\/intl\/es\/policies\/privacy\/\" target=\"_blank\" rel=\"noopener noreferrer\">http:\/\/www.google.es\/intl\/es\/policies\/privacy\/<\/a><\/p>\n<h2 class=\"px-5 text-muted\"><span class=\"font-weight-bold text-dark\">Mais informa\u00e7\u00e3o<\/span><\/h2>\n<p>Qualquer usu\u00e1rio que tiver alguma d\u00favida sobre essas tecnologias pode nos enviar a consulta atrav\u00e9s do nosso e-mail: <a class=\"c-link\" href=\"mailto:info@sweetfruits.pt\" target=\"_blank\" rel=\"noopener noreferrer\" data-stringify-link=\"mailto:info@sweetfruits.pt\" data-sk=\"tooltip_parent\" aria-describedby=\"sk-tooltip-273\">info@sweetfruits.pt<\/a><\/p>\n<\/div>\n<\/div>\n<\/div>\n[\/vc_column_text][\/vc_column][\/vc_row]\n","protected":false},"excerpt":{"rendered":"<p>[vc_row type=\u00bbin_container\u00bb full_screen_row_position=\u00bbmiddle\u00bb column_margin=\u00bbdefault\u00bb column_direction=\u00bbdefault\u00bb column_direction_tablet=\u00bbdefault\u00bb column_direction_phone=\u00bbdefault\u00bb scene_position=\u00bbcenter\u00bb text_color=\u00bbdark\u00bb text_align=\u00bbleft\u00bb row_border_radius=\u00bbnone\u00bb row_border_radius_applies=\u00bbbg\u00bb overlay_strength=\u00bb0.3&#8243; gradient_direction=\u00bbleft_to_right\u00bb shape_divider_position=\u00bbbottom\u00bb bg_image_animation=\u00bbnone\u00bb][vc_column column_padding=\u00bbno-extra-padding\u00bb column_padding_tablet=\u00bbinherit\u00bb column_padding_phone=\u00bbinherit\u00bb column_padding_position=\u00bball\u00bb background_color_opacity=\u00bb1&#8243; background_hover_color_opacity=\u00bb1&#8243; column_shadow=\u00bbnone\u00bb column_border_radius=\u00bbnone\u00bb column_link_target=\u00bb_self\u00bb gradient_direction=\u00bbleft_to_right\u00bb overlay_strength=\u00bb0.3&#8243; width=\u00bb1\/1&#8243; tablet_width_inherit=\u00bbdefault\u00bb tablet_text_alignment=\u00bbdefault\u00bb&#8230;<\/p>\n","protected":false},"author":1,"featured_media":0,"parent":0,"menu_order":0,"comment_status":"closed","ping_status":"closed","template":"","meta":{"footnotes":""},"class_list":["post-341","page","type-page","status-publish"],"_links":{"self":[{"href":"https:\/\/sweetfruits.pt\/es\/wp-json\/wp\/v2\/pages\/341","targetHints":{"allow":["GET"]}}],"collection":[{"href":"https:\/\/sweetfruits.pt\/es\/wp-json\/wp\/v2\/pages"}],"about":[{"href":"https:\/\/sweetfruits.pt\/es\/wp-json\/wp\/v2\/types\/page"}],"author":[{"embeddable":true,"href":"https:\/\/sweetfruits.pt\/es\/wp-json\/wp\/v2\/users\/1"}],"replies":[{"embeddable":true,"href":"https:\/\/sweetfruits.pt\/es\/wp-json\/wp\/v2\/comments?post=341"}],"version-history":[{"count":4,"href":"https:\/\/sweetfruits.pt\/es\/wp-json\/wp\/v2\/pages\/341\/revisions"}],"predecessor-version":[{"id":590,"href":"https:\/\/sweetfruits.pt\/es\/wp-json\/wp\/v2\/pages\/341\/revisions\/590"}],"wp:attachment":[{"href":"https:\/\/sweetfruits.pt\/es\/wp-json\/wp\/v2\/media?parent=341"}],"curies":[{"name":"wp","href":"https:\/\/api.w.org\/{rel}","templated":true}]}}