{"id":264,"date":"2021-05-21T11:16:37","date_gmt":"2021-05-21T11:16:37","guid":{"rendered":"http:\/\/sweetfruits.gruponexora.com\/?page_id=264"},"modified":"2021-11-15T15:58:36","modified_gmt":"2021-11-15T15:58:36","slug":"nuestra-historia","status":"publish","type":"page","link":"https:\/\/sweetfruits.pt\/es\/nuestra-historia\/","title":{"rendered":"Nuestra historia"},"content":{"rendered":"[vc_row type=\u00bbin_container\u00bb full_screen_row_position=\u00bbmiddle\u00bb column_margin=\u00bbdefault\u00bb column_direction=\u00bbdefault\u00bb column_direction_tablet=\u00bbdefault\u00bb column_direction_phone=\u00bbdefault\u00bb bg_color=\u00bb#ff740b\u00bb scene_position=\u00bbcenter\u00bb top_padding=\u00bb140&#8243; bottom_padding=\u00bb140&#8243; top_padding_phone=\u00bb120&#8243; bottom_padding_phone=\u00bb40&#8243; text_color=\u00bblight\u00bb text_align=\u00bbleft\u00bb row_border_radius=\u00bbnone\u00bb row_border_radius_applies=\u00bbbg\u00bb overlay_strength=\u00bb1&#8243; gradient_direction=\u00bbleft_to_right\u00bb enable_shape_divider=\u00bbtrue\u00bb shape_divider_color=\u00bb#ffffff\u00bb shape_divider_position=\u00bbbottom\u00bb shape_divider_height=\u00bb200&#8243; bg_image_animation=\u00bbnone\u00bb shape_type=\u00bbspeech\u00bb][vc_column column_padding=\u00bbno-extra-padding\u00bb column_padding_tablet=\u00bbinherit\u00bb column_padding_phone=\u00bbinherit\u00bb column_padding_position=\u00bball\u00bb bottom_margin_tablet=\u00bb0&#8243; bottom_margin_phone=\u00bb0&#8243; background_color_opacity=\u00bb1&#8243; background_hover_color_opacity=\u00bb1&#8243; column_shadow=\u00bbnone\u00bb column_border_radius=\u00bbnone\u00bb column_link_target=\u00bb_self\u00bb gradient_direction=\u00bbleft_to_right\u00bb overlay_strength=\u00bb0.3&#8243; width=\u00bb1\/1&#8243; tablet_width_inherit=\u00bbdefault\u00bb tablet_text_alignment=\u00bbdefault\u00bb phone_text_alignment=\u00bbdefault\u00bb column_border_width=\u00bbnone\u00bb column_border_style=\u00bbsolid\u00bb bg_image_animation=\u00bbnone\u00bb][vc_row_inner column_margin=\u00bbdefault\u00bb column_direction=\u00bbdefault\u00bb column_direction_tablet=\u00bbdefault\u00bb column_direction_phone=\u00bbdefault\u00bb text_align=\u00bbleft\u00bb][vc_column_inner column_padding=\u00bbno-extra-padding\u00bb column_padding_tablet=\u00bbinherit\u00bb column_padding_phone=\u00bbinherit\u00bb column_padding_position=\u00bball\u00bb top_margin=\u00bb-80&#8243; background_color_opacity=\u00bb1&#8243; background_hover_color_opacity=\u00bb1&#8243; column_shadow=\u00bbnone\u00bb column_border_radius=\u00bbnone\u00bb column_link_target=\u00bb_self\u00bb gradient_direction=\u00bbleft_to_right\u00bb overlay_strength=\u00bb0.3&#8243; width=\u00bb1\/1&#8243; tablet_width_inherit=\u00bbdefault\u00bb column_border_width=\u00bbnone\u00bb column_border_style=\u00bbsolid\u00bb bg_image_animation=\u00bbnone\u00bb][split_line_heading animation_type=\u00bbdefault\u00bb]\n<h1 style=\"text-align: center;\">Nuestra historia<\/h1>\n[\/split_line_heading][\/vc_column_inner][\/vc_row_inner][\/vc_column][\/vc_row][vc_row type=\u00bbin_container\u00bb full_screen_row_position=\u00bbmiddle\u00bb column_margin=\u00bbdefault\u00bb equal_height=\u00bbyes\u00bb content_placement=\u00bbmiddle\u00bb column_direction=\u00bbdefault\u00bb column_direction_tablet=\u00bbcolumn_reverse\u00bb column_direction_phone=\u00bbcolumn_reverse\u00bb scene_position=\u00bbcenter\u00bb top_padding=\u00bb10&#8243; text_color=\u00bbdark\u00bb text_align=\u00bbleft\u00bb row_border_radius=\u00bbnone\u00bb row_border_radius_applies=\u00bbbg\u00bb overlay_strength=\u00bb0.3&#8243; gradient_direction=\u00bbleft_to_right\u00bb shape_divider_position=\u00bbbottom\u00bb bg_image_animation=\u00bbnone\u00bb shape_type=\u00bb\u00bb][vc_column column_padding=\u00bbno-extra-padding\u00bb column_padding_tablet=\u00bbinherit\u00bb column_padding_phone=\u00bbinherit\u00bb column_padding_position=\u00bball\u00bb background_color_opacity=\u00bb1&#8243; background_hover_color_opacity=\u00bb1&#8243; column_shadow=\u00bbnone\u00bb column_border_radius=\u00bbnone\u00bb column_link_target=\u00bb_self\u00bb gradient_direction=\u00bbleft_to_right\u00bb overlay_strength=\u00bb0.3&#8243; width=\u00bb1\/2&#8243; tablet_width_inherit=\u00bbdefault\u00bb tablet_text_alignment=\u00bbdefault\u00bb phone_text_alignment=\u00bbdefault\u00bb column_border_width=\u00bbnone\u00bb column_border_style=\u00bbsolid\u00bb bg_image_animation=\u00bbnone\u00bb][nectar_cascading_images image_1_url=\u00bb277&#8243; image_1_offset_x_sign=\u00bb+\u00bb image_1_offset_x=\u00bb0%\u00bb image_1_offset_y_sign=\u00bb-\u00bb image_1_offset_y=\u00bb55%\u00bb image_1_rotate_sign=\u00bb+\u00bb image_1_rotate=\u00bbnone\u00bb image_1_scale=\u00bb1.4&#8243; image_1_box_shadow=\u00bbnone\u00bb image_1_padding=\u00bbauto\u00bb image_1_max_width_desktop=\u00bb100%\u00bb image_1_max_width_mobile=\u00bb100%\u00bb image_1_image_width_mobile=\u00bbdefault\u00bb image_2_url=\u00bb275&#8243; image_2_offset_x_sign=\u00bb+\u00bb image_2_offset_x=\u00bb30%\u00bb image_2_offset_y_sign=\u00bb+\u00bb image_2_offset_y=\u00bb80%\u00bb image_2_rotate_sign=\u00bb+\u00bb image_2_rotate=\u00bbnone\u00bb image_2_scale=\u00bb1.4&#8243; image_2_box_shadow=\u00bbnone\u00bb image_2_padding=\u00bbauto\u00bb image_2_max_width_desktop=\u00bb100%\u00bb image_2_max_width_mobile=\u00bb100%\u00bb image_2_image_width_mobile=\u00bbdefault\u00bb image_3_url=\u00bb276&#8243; image_3_offset_x_sign=\u00bb-\u00bb image_3_offset_x=\u00bb35%\u00bb image_3_offset_y_sign=\u00bb+\u00bb image_3_offset_y=\u00bb30%\u00bb image_3_rotate_sign=\u00bb+\u00bb image_3_rotate=\u00bbnone\u00bb image_3_scale=\u00bb1.4&#8243; image_3_box_shadow=\u00bbx_large_depth\u00bb image_3_padding=\u00bbauto\u00bb image_3_max_width_desktop=\u00bb100%\u00bb image_3_max_width_mobile=\u00bb100%\u00bb image_3_image_width_mobile=\u00bbdefault\u00bb image_4_offset_x_sign=\u00bb+\u00bb image_4_offset_x=\u00bb0%\u00bb image_4_offset_y_sign=\u00bb+\u00bb image_4_offset_y=\u00bb0%\u00bb image_4_rotate_sign=\u00bb+\u00bb image_4_rotate=\u00bbnone\u00bb image_4_scale=\u00bb1&#8243; image_4_box_shadow=\u00bbnone\u00bb image_4_padding=\u00bbauto\u00bb image_4_max_width_desktop=\u00bb100%\u00bb image_4_max_width_mobile=\u00bb100%\u00bb image_4_image_width_mobile=\u00bbdefault\u00bb border_radius=\u00bb20px\u00bb image_loading=\u00bbdefault\u00bb parallax_scrolling=\u00bbyes\u00bb layer_1_parallax_scrolling=\u00bbno\u00bb parallax_scrolling_intensity=\u00bbsubtle\u00bb][\/vc_column][vc_column column_padding=\u00bbno-extra-padding\u00bb column_padding_tablet=\u00bbinherit\u00bb column_padding_phone=\u00bbinherit\u00bb column_padding_position=\u00bball\u00bb background_color_opacity=\u00bb1&#8243; background_hover_color_opacity=\u00bb1&#8243; column_shadow=\u00bbnone\u00bb column_border_radius=\u00bbnone\u00bb column_link_target=\u00bb_self\u00bb gradient_direction=\u00bbleft_to_right\u00bb overlay_strength=\u00bb0.3&#8243; width=\u00bb1\/2&#8243; tablet_width_inherit=\u00bbdefault\u00bb tablet_text_alignment=\u00bbdefault\u00bb phone_text_alignment=\u00bbdefault\u00bb column_border_width=\u00bbnone\u00bb column_border_style=\u00bbsolid\u00bb bg_image_animation=\u00bbnone\u00bb][nectar_icon_list color=\u00bbdefault\u00bb direction=\u00bbvertical\u00bb icon_size=\u00bbmedium\u00bb icon_style=\u00bbborder\u00bb][nectar_icon_list_item icon_type=\u00bbicon\u00bb icon_family=\u00bbiconsmind\u00bb title=\u00bbList Item\u00bb id=\u00bb1636991895541-9&#8243; tab_id=\u00bb1636991895542-8&#8243; icon_iconsmind=\u00bbiconsmind-Fruits\u00bb header=\u00bbFundada en 1996, la empresa Secchi Agr\u00edcola vendi\u00f3 frutas producidas por terceros en la regi\u00f3n del Valle de S\u00e3o Francisco al mercado interno.\u00bb text=\u00bbEn a\u00f1os posteriores, la compa\u00f1\u00eda adquiri\u00f3 propiedades rurales en la regi\u00f3n y comenz\u00f3 a producir mangos y uvas a trav\u00e9s de la agricultura de riego.\u00bb] [\/nectar_icon_list_item][nectar_icon_list_item icon_type=\u00bbicon\u00bb icon_family=\u00bbiconsmind\u00bb title=\u00bbList Item\u00bb id=\u00bb1636991895578-1&#8243; tab_id=\u00bb1636991895579-0&#8243; icon_iconsmind=\u00bbiconsmind-Line-Chart\u00bb header=\u00bbEn 2001, con una visi\u00f3n empresarial de los socios, Secchi Agr\u00edcola imagin\u00f3 nuevas oportunidades comerciales y de crecimiento\u00bb text=\u00bbExpandi\u00f3 sus ventas a mercados fuera de Brasil, como Estados Unidos y Europa.\u00bb] [\/nectar_icon_list_item][nectar_icon_list_item icon_type=\u00bbicon\u00bb icon_family=\u00bbiconsmind\u00bb title=\u00bbList Item\u00bb id=\u00bb1636991895590-10&#8243; tab_id=\u00bb1636991895591-8&#8243; icon_iconsmind=\u00bbiconsmind-Full-Screen2&#8243; header=\u00bbEn 2010, Secchi comenz\u00f3 a expandir sus \u00e1reas de cultivo y simult\u00e1neamente a adquirir fincas para su propia producci\u00f3n.\u00bb text=\u00bbEse mismo a\u00f1o se cre\u00f3 Sweet Fruits Portugal, en asociaci\u00f3n con socios portugueses con amplia experiencia en la distribuci\u00f3n de frutas a cadenas minoristas en el mercado europeo.<br \/>\nEn ese momento, se cre\u00f3 el Grupo Secchi-Sweet, agregando un alto valor al modelo de negocio ya existente, ya que, con esta operaci\u00f3n, el proceso de verticalizaci\u00f3n buscado por los accionistas desde el comienzo de la empresa, es decir, la producci\u00f3n (\u00e1reas de cultivo), procesamiento (packing house), comercializaci\u00f3n (Secchi) y distribuci\u00f3n (Sweet Fruits &#8211; Portugal).\u00bb] [\/nectar_icon_list_item][nectar_icon_list_item icon_type=\u00bbicon\u00bb icon_family=\u00bbiconsmind\u00bb title=\u00bbList Item\u00bb id=\u00bb1636991895604-6&#8243; tab_id=\u00bb1636991895605-4&#8243; icon_iconsmind=\u00bbiconsmind-Globe\u00bb header=\u00bbEn 2011, con el crecimiento de las ventas de frutas en el mercado interno, fue necesario ampliar la capacidad de distribuci\u00f3n local, decidiendo establecer una presencia en el almac\u00e9n comercial m\u00e1s grande de productos agr\u00edcolas en Am\u00e9rica Latina, CEAGESP.\u00bb text=\u00bbAs\u00ed, se formaron dos nuevas empresas. Actualmente, el Grupo Sweet Fruits est\u00e1 compuesto por: Sweetfruits Brasil (3 packing house y 1200 hc de producci\u00f3n), Sweetfruits Portugal (almac\u00e9n con instalaciones con c\u00e1maras de maduraci\u00f3n), oficina comercial en Holanda y oficina comercial en Espa\u00f1a. Con m\u00e1s de 1300 empleados.\u00bb] [\/nectar_icon_list_item][\/nectar_icon_list][\/vc_column][\/vc_row][vc_row type=\u00bbfull_width_background\u00bb full_screen_row_position=\u00bbmiddle\u00bb column_margin=\u00bb90px\u00bb equal_height=\u00bbyes\u00bb content_placement=\u00bbmiddle\u00bb column_direction=\u00bbdefault\u00bb column_direction_tablet=\u00bbdefault\u00bb column_direction_phone=\u00bbdefault\u00bb bg_color=\u00bb#ffffff\u00bb scene_position=\u00bbcenter\u00bb text_color=\u00bbdark\u00bb text_align=\u00bbleft\u00bb row_border_radius=\u00bbnone\u00bb row_border_radius_applies=\u00bbbg\u00bb id=\u00bbimpact\u00bb overlay_strength=\u00bb0.3&#8243; gradient_direction=\u00bbleft_to_right\u00bb shape_divider_position=\u00bbbottom\u00bb bg_image_animation=\u00bbnone\u00bb shape_type=\u00bb\u00bb][vc_column column_padding=\u00bbno-extra-padding\u00bb column_padding_tablet=\u00bbinherit\u00bb column_padding_phone=\u00bbinherit\u00bb column_padding_position=\u00bball\u00bb background_color_opacity=\u00bb1&#8243; background_hover_color_opacity=\u00bb1&#8243; column_shadow=\u00bbnone\u00bb column_border_radius=\u00bbnone\u00bb column_link_target=\u00bb_self\u00bb gradient_direction=\u00bbleft_to_right\u00bb overlay_strength=\u00bb0.3&#8243; width=\u00bb1\/2&#8243; tablet_width_inherit=\u00bbdefault\u00bb tablet_text_alignment=\u00bbdefault\u00bb phone_text_alignment=\u00bbdefault\u00bb column_border_width=\u00bbnone\u00bb column_border_style=\u00bbsolid\u00bb bg_image_animation=\u00bbnone\u00bb][split_line_heading animation_type=\u00bbdefault\u00bb max_width=\u00bb468&#8243;]\n<h2>Desde el Valle de S\u00e3o Francisco, al mundo<\/h2>\n[\/split_line_heading][vc_column_text css=\u00bb.vc_custom_1621599063921{margin-top: -15px !important;}\u00bb]Producir, procesar y comercializar frutos de la agricultura de regad\u00edo, cuya alta calidad es percibida y valorada por el consumidor final, en Brasil y en el exterior, contribuyendo efectivamente a la transformaci\u00f3n econ\u00f3mica y social del Valle de S\u00e3o Francisco.[\/vc_column_text][\/vc_column][vc_column column_padding=\u00bbno-extra-padding\u00bb column_padding_tablet=\u00bbinherit\u00bb column_padding_phone=\u00bbinherit\u00bb column_padding_position=\u00bball\u00bb top_margin_phone=\u00bb-60&#8243; background_color_opacity=\u00bb1&#8243; background_hover_color_opacity=\u00bb1&#8243; column_shadow=\u00bbnone\u00bb column_border_radius=\u00bbnone\u00bb column_link_target=\u00bb_self\u00bb gradient_direction=\u00bbleft_to_right\u00bb overlay_strength=\u00bb0.3&#8243; width=\u00bb1\/2&#8243; tablet_width_inherit=\u00bbdefault\u00bb tablet_text_alignment=\u00bbdefault\u00bb phone_text_alignment=\u00bbdefault\u00bb column_border_width=\u00bbnone\u00bb column_border_style=\u00bbsolid\u00bb bg_image_animation=\u00bbnone\u00bb][vc_gallery type=\u00bbflickity_style\u00bb images=\u00bb286,285,284,283&#8243; flickity_spacing=\u00bbdefault\u00bb flickity_controls=\u00bbpagination\u00bb flickity_overflow=\u00bbhidden\u00bb flickity_wrap_around=\u00bbwrap\u00bb flickity_desktop_columns=\u00bb1&#8243; flickity_small_desktop_columns=\u00bb1&#8243; flickity_tablet_columns=\u00bb1&#8243; flickity_box_shadow=\u00bbnone\u00bb image_loading=\u00bbdefault\u00bb onclick=\u00bblink_image\u00bb][\/vc_column][\/vc_row][vc_row type=\u00bbin_container\u00bb full_screen_row_position=\u00bbmiddle\u00bb column_margin=\u00bb70px\u00bb equal_height=\u00bbyes\u00bb content_placement=\u00bbmiddle\u00bb column_direction=\u00bbdefault\u00bb column_direction_tablet=\u00bbcolumn_reverse\u00bb column_direction_phone=\u00bbcolumn_reverse\u00bb scene_position=\u00bbcenter\u00bb bottom_padding=\u00bb60&#8243; text_color=\u00bbdark\u00bb text_align=\u00bbleft\u00bb row_border_radius=\u00bbnone\u00bb row_border_radius_applies=\u00bbbg\u00bb overlay_strength=\u00bb0.3&#8243; gradient_direction=\u00bbleft_to_right\u00bb shape_divider_position=\u00bbbottom\u00bb bg_image_animation=\u00bbnone\u00bb shape_type=\u00bb\u00bb][vc_column column_padding=\u00bbpadding-4-percent\u00bb column_padding_tablet=\u00bbinherit\u00bb column_padding_phone=\u00bbinherit\u00bb column_padding_position=\u00bball\u00bb top_margin_tablet=\u00bb40&#8243; top_margin_phone=\u00bb40&#8243; centered_text=\u00bbtrue\u00bb background_color=\u00bb#8aba34&#8243; background_color_opacity=\u00bb1&#8243; background_hover_color_opacity=\u00bb1&#8243; column_shadow=\u00bbnone\u00bb column_border_radius=\u00bb20px\u00bb column_link_target=\u00bb_self\u00bb gradient_direction=\u00bbleft_to_right\u00bb overlay_strength=\u00bb0.3&#8243; width=\u00bb1\/3&#8243; tablet_width_inherit=\u00bbdefault\u00bb tablet_text_alignment=\u00bbdefault\u00bb phone_text_alignment=\u00bbdefault\u00bb column_border_width=\u00bbnone\u00bb bg_image_animation=\u00bbnone\u00bb][vc_row_inner column_margin=\u00bbdefault\u00bb column_direction=\u00bbdefault\u00bb column_direction_tablet=\u00bbdefault\u00bb column_direction_phone=\u00bbdefault\u00bb text_align=\u00bbleft\u00bb][vc_column_inner column_padding=\u00bbno-extra-padding\u00bb column_padding_tablet=\u00bbinherit\u00bb column_padding_phone=\u00bbinherit\u00bb column_padding_position=\u00bball\u00bb bottom_margin=\u00bb-19&#8243; background_color_opacity=\u00bb1&#8243; background_hover_color_opacity=\u00bb1&#8243; column_shadow=\u00bbnone\u00bb column_border_radius=\u00bbnone\u00bb column_link_target=\u00bb_self\u00bb gradient_direction=\u00bbleft_to_right\u00bb overlay_strength=\u00bb0.3&#8243; width=\u00bb1\/1&#8243; tablet_width_inherit=\u00bbdefault\u00bb column_border_width=\u00bbnone\u00bb column_border_style=\u00bbsolid\u00bb bg_image_animation=\u00bbnone\u00bb][nectar_icon icon_family=\u00bbfontawesome\u00bb icon_style=\u00bbdefault\u00bb icon_color_type=\u00bbcolor_scheme\u00bb icon_color=\u00bbwhite\u00bb icon_padding=\u00bb0px\u00bb icon_fontawesome=\u00bbfa fa-heart\u00bb icon_size=\u00bb30&#8243;][\/vc_column_inner][\/vc_row_inner][vc_custom_heading text=\u00bbNuestros valores\u00bb font_container=\u00bbtag:p|font_size:18|text_align:center|color:%23ffffff|line_height:24px\u00bb use_theme_fonts=\u00bbyes\u00bb el_class=\u00bbencabezado3&#8243;][vc_column_text el_class=\u00bbtext-valores\u00bb]\n<p style=\"text-align: center;\">Compromiso<br \/>\nCredibilidad<br \/>\n\u00c9tica<br \/>\nIntegridad<br \/>\nRespeto<br \/>\nTransparencia<\/p>\n[\/vc_column_text][\/vc_column][vc_column column_padding=\u00bbno-extra-padding\u00bb column_padding_tablet=\u00bbinherit\u00bb column_padding_phone=\u00bbinherit\u00bb column_padding_position=\u00bball\u00bb background_color_opacity=\u00bb1&#8243; background_hover_color_opacity=\u00bb1&#8243; column_shadow=\u00bbnone\u00bb column_border_radius=\u00bbnone\u00bb column_link_target=\u00bb_self\u00bb gradient_direction=\u00bbleft_to_right\u00bb overlay_strength=\u00bb0.3&#8243; width=\u00bb2\/3&#8243; tablet_width_inherit=\u00bbdefault\u00bb tablet_text_alignment=\u00bbdefault\u00bb phone_text_alignment=\u00bbcenter\u00bb column_border_width=\u00bbnone\u00bb column_border_style=\u00bbsolid\u00bb bg_image_animation=\u00bbnone\u00bb][vc_row_inner column_margin=\u00bbdefault\u00bb column_direction=\u00bbdefault\u00bb column_direction_tablet=\u00bbdefault\u00bb column_direction_phone=\u00bbdefault\u00bb text_align=\u00bbleft\u00bb][vc_column_inner column_padding=\u00bbno-extra-padding\u00bb column_padding_tablet=\u00bbinherit\u00bb column_padding_phone=\u00bbinherit\u00bb column_padding_position=\u00bball\u00bb bottom_margin=\u00bb-25px\u00bb background_color_opacity=\u00bb1&#8243; background_hover_color_opacity=\u00bb1&#8243; column_shadow=\u00bbnone\u00bb column_border_radius=\u00bbnone\u00bb column_link_target=\u00bb_self\u00bb gradient_direction=\u00bbleft_to_right\u00bb overlay_strength=\u00bb0.3&#8243; width=\u00bb1\/1&#8243; tablet_width_inherit=\u00bbdefault\u00bb column_border_width=\u00bbnone\u00bb column_border_style=\u00bbsolid\u00bb bg_image_animation=\u00bbnone\u00bb][split_line_heading animation_type=\u00bbdefault\u00bb max_width=\u00bb468&#8243;]\n<h2>Nuestro equipo, nuestra fuerza<\/h2>\n[\/split_line_heading][\/vc_column_inner][\/vc_row_inner][vc_custom_heading text=\u00bbSer una empresa que se diferencie por el trabajo de colaboradores comprometidos y motivados, con valores y filosof\u00edas comerciales comunes, y por el reconocimiento del cliente a la alta calidad de sus productos.\u00bb font_container=\u00bbtag:p|font_size:18|text_align:left|line_height:24px\u00bb use_theme_fonts=\u00bbyes\u00bb el_class=\u00bbencabezado3&#8243;][\/vc_column][\/vc_row]\n","protected":false},"excerpt":{"rendered":"<p>[vc_row type=\u00bbin_container\u00bb full_screen_row_position=\u00bbmiddle\u00bb column_margin=\u00bbdefault\u00bb column_direction=\u00bbdefault\u00bb column_direction_tablet=\u00bbdefault\u00bb column_direction_phone=\u00bbdefault\u00bb bg_color=\u00bb#ff740b\u00bb scene_position=\u00bbcenter\u00bb top_padding=\u00bb140&#8243; bottom_padding=\u00bb140&#8243; top_padding_phone=\u00bb120&#8243; bottom_padding_phone=\u00bb40&#8243; text_color=\u00bblight\u00bb text_align=\u00bbleft\u00bb row_border_radius=\u00bbnone\u00bb row_border_radius_applies=\u00bbbg\u00bb overlay_strength=\u00bb1&#8243; gradient_direction=\u00bbleft_to_right\u00bb enable_shape_divider=\u00bbtrue\u00bb shape_divider_color=\u00bb#ffffff\u00bb shape_divider_position=\u00bbbottom\u00bb shape_divider_height=\u00bb200&#8243; bg_image_animation=\u00bbnone\u00bb shape_type=\u00bbspeech\u00bb][vc_column column_padding=\u00bbno-extra-padding\u00bb column_padding_tablet=\u00bbinherit\u00bb column_padding_phone=\u00bbinherit\u00bb column_padding_position=\u00bball\u00bb bottom_margin_tablet=\u00bb0&#8243;&#8230;<\/p>\n","protected":false},"author":1,"featured_media":0,"parent":0,"menu_order":0,"comment_status":"closed","ping_status":"closed","template":"","meta":{"footnotes":""},"class_list":["post-264","page","type-page","status-publish"],"_links":{"self":[{"href":"https:\/\/sweetfruits.pt\/es\/wp-json\/wp\/v2\/pages\/264","targetHints":{"allow":["GET"]}}],"collection":[{"href":"https:\/\/sweetfruits.pt\/es\/wp-json\/wp\/v2\/pages"}],"about":[{"href":"https:\/\/sweetfruits.pt\/es\/wp-json\/wp\/v2\/types\/page"}],"author":[{"embeddable":true,"href":"https:\/\/sweetfruits.pt\/es\/wp-json\/wp\/v2\/users\/1"}],"replies":[{"embeddable":true,"href":"https:\/\/sweetfruits.pt\/es\/wp-json\/wp\/v2\/comments?post=264"}],"version-history":[{"count":5,"href":"https:\/\/sweetfruits.pt\/es\/wp-json\/wp\/v2\/pages\/264\/revisions"}],"predecessor-version":[{"id":479,"href":"https:\/\/sweetfruits.pt\/es\/wp-json\/wp\/v2\/pages\/264\/revisions\/479"}],"wp:attachment":[{"href":"https:\/\/sweetfruits.pt\/es\/wp-json\/wp\/v2\/media?parent=264"}],"curies":[{"name":"wp","href":"https:\/\/api.w.org\/{rel}","templated":true}]}}